{"id":79,"date":"2018-01-02T10:29:42","date_gmt":"2018-01-02T10:29:42","guid":{"rendered":"http:\/\/musikgeragogin.ch\/?page_id=79"},"modified":"2021-05-25T08:27:25","modified_gmt":"2021-05-25T08:27:25","slug":"fuer-menschen-mit-einer-dementiellen-veraenderung","status":"publish","type":"page","link":"https:\/\/musikgeragogin.ch\/WordPress\/das-angebot\/fuer-menschen-mit-einer-dementiellen-veraenderung\/","title":{"rendered":"F\u00fcr Menschen mit einer dementiellen Ver\u00e4nderung"},"content":{"rendered":"<h2>Die Tischharfe als Erm\u00f6glichungsinstrument<\/h2>\n<p>Buchen Sie unverbindlich eine Schnupperlektion &#8211; die Harfe bringe ich mit &#8211; jeder spielt coronakonform auf einem eigenen Instrument!<\/p>\n<h3>&#8230; f\u00fcr Menschen mit einer dementiellen Ver\u00e4nderung<\/h3>\n<p>Die Tischharfe kann trotz kognitiver Einbussen eine M\u00f6glichkeit des aktiven, selbstbestimmten Tuns sein. Sie ist auch noch mit leichten Einschr\u00e4nkungen im motorischen Bereich spielbar. In einer Zweier-Situation kann ich Musik anbieten, die vielleicht aus der Biographie des jeweiligen Menschen &#8222;erinnert&#8220; wird, mit Lebenssituationen und Stimmungen verkn\u00fcpft ist. Das Tischharfenspiel findet in der gewohnten h\u00e4uslichen Umgebung des Teilnehmers statt: Stube der Wohnung, Aufenthaltsraum im Seniorenheim&#8230;<\/p>\n<h4>Angebot:<\/h4>\n<p>Privatstunden in der gewohnten Umgebung nach Absprache, Tischharfen werden f\u00fcr die Stunden gestellt bzw. k\u00f6nnen f\u00fcr die Dauer von 3 Monaten gemietet werden.<\/p>\n<h4>Kosten:<\/h4>\n<p>nach Absprache<\/p>\n","protected":false},"excerpt":{"rendered":"<p>Die Tischharfe als Erm\u00f6glichungsinstrument Buchen Sie unverbindlich eine Schnupperlektion &#8211; die Harfe bringe ich mit &#8211; jeder spielt coronakonform auf einem eigenen Instrument! &#8230; f\u00fcr Menschen mit einer dementiellen Ver\u00e4nderung Die Tischharfe kann trotz kognitiver Einbussen eine M\u00f6glichkeit des aktiven, selbstbestimmten Tuns sein. Sie ist auch noch mit leichten Einschr\u00e4nkungen im motorischen Bereich spielbar. In &hellip; <\/p>\n<p class=\"link-more\"><a href=\"https:\/\/musikgeragogin.ch\/WordPress\/das-angebot\/fuer-menschen-mit-einer-dementiellen-veraenderung\/\" class=\"more-link\"><span class=\"screen-reader-text\">\u201eF\u00fcr Menschen mit einer dementiellen Ver\u00e4nderung\u201c <\/span>weiterlesen<\/a><\/p>\n","protected":false},"author":1,"featured_media":42,"parent":57,"menu_order":0,"comment_status":"closed","ping_status":"closed","template":"","meta":{"footnotes":""},"class_list":["post-79","page","type-page","status-publish","has-post-thumbnail","hentry"],"_links":{"self":[{"href":"https:\/\/musikgeragogin.ch\/WordPress\/wp-json\/wp\/v2\/pages\/79","targetHints":{"allow":["GET"]}}],"collection":[{"href":"https:\/\/musikgeragogin.ch\/WordPress\/wp-json\/wp\/v2\/pages"}],"about":[{"href":"https:\/\/musikgeragogin.ch\/WordPress\/wp-json\/wp\/v2\/types\/page"}],"author":[{"embeddable":true,"href":"https:\/\/musikgeragogin.ch\/WordPress\/wp-json\/wp\/v2\/users\/1"}],"replies":[{"embeddable":true,"href":"https:\/\/musikgeragogin.ch\/WordPress\/wp-json\/wp\/v2\/comments?post=79"}],"version-history":[{"count":4,"href":"https:\/\/musikgeragogin.ch\/WordPress\/wp-json\/wp\/v2\/pages\/79\/revisions"}],"predecessor-version":[{"id":180,"href":"https:\/\/musikgeragogin.ch\/WordPress\/wp-json\/wp\/v2\/pages\/79\/revisions\/180"}],"up":[{"embeddable":true,"href":"https:\/\/musikgeragogin.ch\/WordPress\/wp-json\/wp\/v2\/pages\/57"}],"wp:featuredmedia":[{"embeddable":true,"href":"https:\/\/musikgeragogin.ch\/WordPress\/wp-json\/wp\/v2\/media\/42"}],"wp:attachment":[{"href":"https:\/\/musikgeragogin.ch\/WordPress\/wp-json\/wp\/v2\/media?parent=79"}],"curies":[{"name":"wp","href":"https:\/\/api.w.org\/{rel}","templated":true}]}}