{"id":55,"date":"2018-01-02T09:45:26","date_gmt":"2018-01-02T09:45:26","guid":{"rendered":"http:\/\/musikgeragogin.ch\/?page_id=55"},"modified":"2020-01-19T16:39:39","modified_gmt":"2020-01-19T16:39:39","slug":"ueber-mich","status":"publish","type":"page","link":"https:\/\/musikgeragogin.ch\/WordPress\/ueber-mich\/","title":{"rendered":"\u00dcber mich"},"content":{"rendered":"<p><img loading=\"lazy\" decoding=\"async\" class=\"alignleft wp-image-97 size-medium\" src=\"https:\/\/musikgeragogin.ch\/WordPress\/wp-content\/uploads\/2018\/01\/MG_7925-2-1-270x300.jpg\" alt=\"\" width=\"270\" height=\"300\" srcset=\"https:\/\/musikgeragogin.ch\/WordPress\/wp-content\/uploads\/2018\/01\/MG_7925-2-1-270x300.jpg 270w, https:\/\/musikgeragogin.ch\/WordPress\/wp-content\/uploads\/2018\/01\/MG_7925-2-1.jpg 591w\" sizes=\"auto, (max-width: 270px) 100vw, 270px\" \/>W\u00e4hrend ihrer zweij\u00e4hrigen Weiterbildung zur Musikgeragogin lernte die studierte Musikp\u00e4dagogin Katrin Schweers die Tischharfe kennen, war begeistert von den M\u00f6glichkeiten dieses Instrumentes und bietet nun in der Musikschule alato (<a href=\"http:\/\/www.ms-alato.ch\">www.ms-alato.ch<\/a>) und in Z\u00fcrich-Oerlikon Kurse f\u00fcr Sp\u00e4teinsteigende an.<\/p>\n<p>Das Musizieren mit elementaren Instrumenten fasziniert sie, da jeder Mensch unmittelbar teilnehemen kann am musikalischen Geschehen &#8211; egal ob Klein oder Gross.<\/p>\n<p>Katrin Schweers arbeitet als Lehrerin f\u00fcr Musikalische Fr\u00fcherziehung und Grundschule, Eltern-Kind-Musik und Chorleiterin. Sie ist verheiratet und Mutter von drei Kindern.<\/p>\n<p>Katrin Schweers ist Mitglied der <a href=\"http:\/\/www.musikgeragogik.ch\">Deutschen Gesellschaft f\u00fcr Musikgeragogik<\/a>.<\/p>\n","protected":false},"excerpt":{"rendered":"<p>W\u00e4hrend ihrer zweij\u00e4hrigen Weiterbildung zur Musikgeragogin lernte die studierte Musikp\u00e4dagogin Katrin Schweers die Tischharfe kennen, war begeistert von den M\u00f6glichkeiten dieses Instrumentes und bietet nun in der Musikschule alato (www.ms-alato.ch) und in Z\u00fcrich-Oerlikon Kurse f\u00fcr Sp\u00e4teinsteigende an. Das Musizieren mit elementaren Instrumenten fasziniert sie, da jeder Mensch unmittelbar teilnehemen kann am musikalischen Geschehen &#8211; egal &hellip; <\/p>\n<p class=\"link-more\"><a href=\"https:\/\/musikgeragogin.ch\/WordPress\/ueber-mich\/\" class=\"more-link\"><span class=\"screen-reader-text\">\u201e\u00dcber mich\u201c <\/span>weiterlesen<\/a><\/p>\n","protected":false},"author":1,"featured_media":0,"parent":0,"menu_order":0,"comment_status":"closed","ping_status":"closed","template":"","meta":{"footnotes":""},"class_list":["post-55","page","type-page","status-publish","hentry"],"_links":{"self":[{"href":"https:\/\/musikgeragogin.ch\/WordPress\/wp-json\/wp\/v2\/pages\/55","targetHints":{"allow":["GET"]}}],"collection":[{"href":"https:\/\/musikgeragogin.ch\/WordPress\/wp-json\/wp\/v2\/pages"}],"about":[{"href":"https:\/\/musikgeragogin.ch\/WordPress\/wp-json\/wp\/v2\/types\/page"}],"author":[{"embeddable":true,"href":"https:\/\/musikgeragogin.ch\/WordPress\/wp-json\/wp\/v2\/users\/1"}],"replies":[{"embeddable":true,"href":"https:\/\/musikgeragogin.ch\/WordPress\/wp-json\/wp\/v2\/comments?post=55"}],"version-history":[{"count":10,"href":"https:\/\/musikgeragogin.ch\/WordPress\/wp-json\/wp\/v2\/pages\/55\/revisions"}],"predecessor-version":[{"id":173,"href":"https:\/\/musikgeragogin.ch\/WordPress\/wp-json\/wp\/v2\/pages\/55\/revisions\/173"}],"wp:attachment":[{"href":"https:\/\/musikgeragogin.ch\/WordPress\/wp-json\/wp\/v2\/media?parent=55"}],"curies":[{"name":"wp","href":"https:\/\/api.w.org\/{rel}","templated":true}]}}