{"id":53,"date":"2018-01-02T09:44:55","date_gmt":"2018-01-02T09:44:55","guid":{"rendered":"http:\/\/musikgeragogin.ch\/?page_id=53"},"modified":"2021-05-25T08:29:12","modified_gmt":"2021-05-25T08:29:12","slug":"home","status":"publish","type":"page","link":"https:\/\/musikgeragogin.ch\/WordPress\/","title":{"rendered":"Home"},"content":{"rendered":"<p>&#8222;Musik &#8211; ein Leben lang!&#8220;<\/p>\n<p>Ob mit der Tischharfe oder mit elementaren Instrumenten\u00a0 &#8211; Musizieren macht Freude und bringt Bewegung in den Alltag!<\/p>\n<p>Gerade nach der Zeit der Isolation und Einsamkeit ist Musik Balsam f\u00fcr die Seele!<\/p>\n<p>Alle Angebote k\u00f6nnen nach den Coronaregeln BAG durchgef\u00fchrt werden!<\/p>\n<p>Selbstverst\u00e4ndlich halte ich mich an die Schutzkonzepte Ihrer Einrichtung!<\/p>\n","protected":false},"excerpt":{"rendered":"<p>&#8222;Musik &#8211; ein Leben lang!&#8220; Ob mit der Tischharfe oder mit elementaren Instrumenten\u00a0 &#8211; Musizieren macht Freude und bringt Bewegung in den Alltag! Gerade nach der Zeit der Isolation und Einsamkeit ist Musik Balsam f\u00fcr die Seele! Alle Angebote k\u00f6nnen nach den Coronaregeln BAG durchgef\u00fchrt werden! Selbstverst\u00e4ndlich halte ich mich an die Schutzkonzepte Ihrer Einrichtung!<\/p>\n","protected":false},"author":1,"featured_media":50,"parent":0,"menu_order":0,"comment_status":"closed","ping_status":"closed","template":"","meta":{"footnotes":""},"class_list":["post-53","page","type-page","status-publish","has-post-thumbnail","hentry"],"_links":{"self":[{"href":"https:\/\/musikgeragogin.ch\/WordPress\/wp-json\/wp\/v2\/pages\/53","targetHints":{"allow":["GET"]}}],"collection":[{"href":"https:\/\/musikgeragogin.ch\/WordPress\/wp-json\/wp\/v2\/pages"}],"about":[{"href":"https:\/\/musikgeragogin.ch\/WordPress\/wp-json\/wp\/v2\/types\/page"}],"author":[{"embeddable":true,"href":"https:\/\/musikgeragogin.ch\/WordPress\/wp-json\/wp\/v2\/users\/1"}],"replies":[{"embeddable":true,"href":"https:\/\/musikgeragogin.ch\/WordPress\/wp-json\/wp\/v2\/comments?post=53"}],"version-history":[{"count":4,"href":"https:\/\/musikgeragogin.ch\/WordPress\/wp-json\/wp\/v2\/pages\/53\/revisions"}],"predecessor-version":[{"id":181,"href":"https:\/\/musikgeragogin.ch\/WordPress\/wp-json\/wp\/v2\/pages\/53\/revisions\/181"}],"wp:featuredmedia":[{"embeddable":true,"href":"https:\/\/musikgeragogin.ch\/WordPress\/wp-json\/wp\/v2\/media\/50"}],"wp:attachment":[{"href":"https:\/\/musikgeragogin.ch\/WordPress\/wp-json\/wp\/v2\/media?parent=53"}],"curies":[{"name":"wp","href":"https:\/\/api.w.org\/{rel}","templated":true}]}}