{"id":156,"date":"2019-06-19T18:10:37","date_gmt":"2019-06-19T18:10:37","guid":{"rendered":"http:\/\/musikgeragogin.ch\/?page_id=156"},"modified":"2019-06-19T18:29:33","modified_gmt":"2019-06-19T18:29:33","slug":"musikbruecke-intergenerativ","status":"publish","type":"page","link":"https:\/\/musikgeragogin.ch\/WordPress\/musikbruecke-intergenerativ\/","title":{"rendered":"Musikbr\u00fccke &#8211; intergenerativ"},"content":{"rendered":"\n<p>Die &#8222;Musikbr\u00fccke&#8220; ist ein intergeneratives Musikprojekt mit Bewohnenden von Alteneinrichtungen und Kinderg\u00e4rten.<\/p>\n\n\n\n<p>Ein erstes Projekt konnte mit dem Alters- und Pflegezentrum W\u00e4gelwiesen, Wallisellen, und dem Kindergarten Alpen II durch die Unterst\u00fctzung der Hatt-Bucher-Stiftung erfolgreich durchgef\u00fchrt werden (s. Presse).<\/p>\n\n\n\n<p>Haben Sie Interesse? Melden Sie sich gerne und wir \u00fcberlegen gemeinsam, wie ein solches Projekt in Ihrer Einrichtung durchgef\u00fchrt werden k\u00f6nnte.<\/p>\n","protected":false},"excerpt":{"rendered":"<p>Die &#8222;Musikbr\u00fccke&#8220; ist ein intergeneratives Musikprojekt mit Bewohnenden von Alteneinrichtungen und Kinderg\u00e4rten. Ein erstes Projekt konnte mit dem Alters- und Pflegezentrum W\u00e4gelwiesen, Wallisellen, und dem Kindergarten Alpen II durch die Unterst\u00fctzung der Hatt-Bucher-Stiftung erfolgreich durchgef\u00fchrt werden (s. Presse). Haben Sie Interesse? Melden Sie sich gerne und wir \u00fcberlegen gemeinsam, wie ein solches Projekt in Ihrer &hellip; <\/p>\n<p class=\"link-more\"><a href=\"https:\/\/musikgeragogin.ch\/WordPress\/musikbruecke-intergenerativ\/\" class=\"more-link\"><span class=\"screen-reader-text\">\u201eMusikbr\u00fccke &#8211; intergenerativ\u201c <\/span>weiterlesen<\/a><\/p>\n","protected":false},"author":1,"featured_media":0,"parent":0,"menu_order":0,"comment_status":"closed","ping_status":"closed","template":"","meta":{"footnotes":""},"class_list":["post-156","page","type-page","status-publish","hentry"],"_links":{"self":[{"href":"https:\/\/musikgeragogin.ch\/WordPress\/wp-json\/wp\/v2\/pages\/156","targetHints":{"allow":["GET"]}}],"collection":[{"href":"https:\/\/musikgeragogin.ch\/WordPress\/wp-json\/wp\/v2\/pages"}],"about":[{"href":"https:\/\/musikgeragogin.ch\/WordPress\/wp-json\/wp\/v2\/types\/page"}],"author":[{"embeddable":true,"href":"https:\/\/musikgeragogin.ch\/WordPress\/wp-json\/wp\/v2\/users\/1"}],"replies":[{"embeddable":true,"href":"https:\/\/musikgeragogin.ch\/WordPress\/wp-json\/wp\/v2\/comments?post=156"}],"version-history":[{"count":2,"href":"https:\/\/musikgeragogin.ch\/WordPress\/wp-json\/wp\/v2\/pages\/156\/revisions"}],"predecessor-version":[{"id":168,"href":"https:\/\/musikgeragogin.ch\/WordPress\/wp-json\/wp\/v2\/pages\/156\/revisions\/168"}],"wp:attachment":[{"href":"https:\/\/musikgeragogin.ch\/WordPress\/wp-json\/wp\/v2\/media?parent=156"}],"curies":[{"name":"wp","href":"https:\/\/api.w.org\/{rel}","templated":true}]}}