{"id":137,"date":"2019-01-24T13:57:57","date_gmt":"2019-01-24T13:57:57","guid":{"rendered":"http:\/\/musikgeragogin.ch\/?page_id=137"},"modified":"2019-01-24T14:00:54","modified_gmt":"2019-01-24T14:00:54","slug":"elementares-musizieren","status":"publish","type":"page","link":"https:\/\/musikgeragogin.ch\/WordPress\/elementares-musizieren\/","title":{"rendered":"Elementares Musizieren"},"content":{"rendered":"\n<p>Gemeinsames Musizieren macht Freude und bringt Farbe in den Alltag! <\/p>\n\n\n\n<p>Nach Absprache gestalte ich <strong>Musizierstunden f\u00fcr Bewohnende<\/strong> (und Angeh\u00f6rige) oder f\u00fcr <strong>Wohngruppen<\/strong>. Dabei steht eine vielf\u00e4ltige, \u00fcber das Singen hinausgehende musikalische Bet\u00e4tigung im Vordergrund. Das <strong>Musizieren mit Orff- und Perkussionsinstrumenten<\/strong>, das <strong>Bewegen und (Sitz-)Tanzen<\/strong> zur Musik, das <strong>Experimentieren<\/strong> mit verschiedenen Materialien erm\u00f6glicht ein ganzheitliches Musiziererlebnis! Mit auf die <strong>jeweiligen Bed\u00fcrfnisse abgestimmte<\/strong>n musikalischen Angeboten k\u00f6nnen Erfolgserlebnisse entstehen und Selbstvertrauen wachsen.<\/p>\n\n\n\n<p>Ich freue mich \u00fcber eine Anfrage und gestalte gern eine <strong>unverbindliche Probestunde <\/strong>in Ihrer Einrichung!<br><\/p>\n","protected":false},"excerpt":{"rendered":"<p>Gemeinsames Musizieren macht Freude und bringt Farbe in den Alltag! Nach Absprache gestalte ich Musizierstunden f\u00fcr Bewohnende (und Angeh\u00f6rige) oder f\u00fcr Wohngruppen. Dabei steht eine vielf\u00e4ltige, \u00fcber das Singen hinausgehende musikalische Bet\u00e4tigung im Vordergrund. Das Musizieren mit Orff- und Perkussionsinstrumenten, das Bewegen und (Sitz-)Tanzen zur Musik, das Experimentieren mit verschiedenen Materialien erm\u00f6glicht ein ganzheitliches Musiziererlebnis! &hellip; <\/p>\n<p class=\"link-more\"><a href=\"https:\/\/musikgeragogin.ch\/WordPress\/elementares-musizieren\/\" class=\"more-link\"><span class=\"screen-reader-text\">\u201eElementares Musizieren\u201c <\/span>weiterlesen<\/a><\/p>\n","protected":false},"author":1,"featured_media":0,"parent":0,"menu_order":0,"comment_status":"closed","ping_status":"closed","template":"","meta":{"footnotes":""},"class_list":["post-137","page","type-page","status-publish","hentry"],"_links":{"self":[{"href":"https:\/\/musikgeragogin.ch\/WordPress\/wp-json\/wp\/v2\/pages\/137","targetHints":{"allow":["GET"]}}],"collection":[{"href":"https:\/\/musikgeragogin.ch\/WordPress\/wp-json\/wp\/v2\/pages"}],"about":[{"href":"https:\/\/musikgeragogin.ch\/WordPress\/wp-json\/wp\/v2\/types\/page"}],"author":[{"embeddable":true,"href":"https:\/\/musikgeragogin.ch\/WordPress\/wp-json\/wp\/v2\/users\/1"}],"replies":[{"embeddable":true,"href":"https:\/\/musikgeragogin.ch\/WordPress\/wp-json\/wp\/v2\/comments?post=137"}],"version-history":[{"count":1,"href":"https:\/\/musikgeragogin.ch\/WordPress\/wp-json\/wp\/v2\/pages\/137\/revisions"}],"predecessor-version":[{"id":138,"href":"https:\/\/musikgeragogin.ch\/WordPress\/wp-json\/wp\/v2\/pages\/137\/revisions\/138"}],"wp:attachment":[{"href":"https:\/\/musikgeragogin.ch\/WordPress\/wp-json\/wp\/v2\/media?parent=137"}],"curies":[{"name":"wp","href":"https:\/\/api.w.org\/{rel}","templated":true}]}}